{"id":232,"date":"2020-02-11T19:20:29","date_gmt":"2020-02-11T22:20:29","guid":{"rendered":"https:\/\/intro.craft.com.br\/wp\/?page_id=232"},"modified":"2022-12-12T19:38:49","modified_gmt":"2022-12-12T22:38:49","slug":"a-craft","status":"publish","type":"page","link":"https:\/\/intro.e-craft.com\/en\/a-craft\/","title":{"rendered":"Craft"},"content":{"rendered":"<h1>Yesterday and today<\/h1>\n<p>Founded on April 4, <strong>1997<\/strong> in S\u00e3o Paulo, in the first year Craft was already in three other cities in the country: Rio de Janeiro, Santos and Limeira. Expansion is part of our culture. Today we are present in twelve Brazilian locations: Campinas, Curitiba, Fortaleza, Itaja\u00ed, Paranagu\u00e1, Porto Alegre, Rio Grande, Vit\u00f3ria, in addition to S\u00e3o Paulo, Rio, Santos and Limeira. And we have partners in all ports and airports.<\/p>\n<p><!--more--><br \/>\nThis continuous movement has led us to land in eight other countries in South America and in the United States in 2020, and to weave a network of exclusive partners around the world.<\/p>\n<p>The <strong>international expansion <\/strong>started in 2001, with the opening of the Buenos Aires office. Between Argentina, Chile, Peru, Colombia, Uruguay, Paraguay, Ecuador and Bolivia, Craft is proud of its solid presence in the region, as the provider with the widest range of transportation services in the area.<\/p>\n<p>We are Americans and South Americans at heart, with open arms to the whole world.<\/p>\n","protected":false},"excerpt":{"rendered":"<p>Yesterday and today Founded on April 4, 1997 in S\u00e3o Paulo, in the first year Craft was already in three other cities in the country: Rio de Janeiro, Santos and Limeira. Expansion is part of our culture. Today we are present in twelve Brazilian locations: Campinas, Curitiba, Fortaleza, Itaja\u00ed, Paranagu\u00e1, Porto Alegre, Rio Grande, Vit\u00f3ria, [&hellip;]<\/p>\n","protected":false},"author":1,"featured_media":0,"parent":0,"menu_order":3,"comment_status":"closed","ping_status":"closed","template":"","meta":{"_acf_changed":false,"footnotes":""},"class_list":["post-232","page","type-page","status-publish","hentry"],"acf":[],"yoast_head":"<!-- This site is optimized with the Yoast SEO plugin v27.2 - https:\/\/yoast.com\/product\/yoast-seo-wordpress\/ -->\n<title>Craft &#8211; Craft<\/title>\n<meta name=\"robots\" content=\"index, follow, max-snippet:-1, max-image-preview:large, max-video-preview:-1\" \/>\n<link rel=\"canonical\" href=\"https:\/\/intro.e-craft.com\/en\/a-craft\/\" \/>\n<meta property=\"og:locale\" content=\"en_US\" \/>\n<meta property=\"og:type\" content=\"article\" \/>\n<meta property=\"og:title\" content=\"Craft &#8211; Craft\" \/>\n<meta property=\"og:description\" content=\"Yesterday and today Founded on April 4, 1997 in S\u00e3o Paulo, in the first year Craft was already in three other cities in the country: Rio de Janeiro, Santos and Limeira. Expansion is part of our culture. Today we are present in twelve Brazilian locations: Campinas, Curitiba, Fortaleza, Itaja\u00ed, Paranagu\u00e1, Porto Alegre, Rio Grande, Vit\u00f3ria, [&hellip;]\" \/>\n<meta property=\"og:url\" content=\"https:\/\/intro.e-craft.com\/en\/a-craft\/\" \/>\n<meta property=\"og:site_name\" content=\"Craft\" \/>\n<meta property=\"article:publisher\" content=\"https:\/\/www.facebook.com\/craft.ltda\/\" \/>\n<meta property=\"article:modified_time\" content=\"2022-12-12T22:38:49+00:00\" \/>\n<meta property=\"og:image\" content=\"https:\/\/intro.e-craft.com\/wp-content\/uploads\/2020\/06\/craft-og-image.jpg\" \/>\n\t<meta property=\"og:image:width\" content=\"1200\" \/>\n\t<meta property=\"og:image:height\" content=\"630\" \/>\n\t<meta property=\"og:image:type\" content=\"image\/jpeg\" \/>\n<meta name=\"twitter:card\" content=\"summary_large_image\" \/>\n<meta name=\"twitter:label1\" content=\"Est. reading time\" \/>\n\t<meta name=\"twitter:data1\" content=\"1 minute\" \/>\n<script type=\"application\/ld+json\" class=\"yoast-schema-graph\">{\"@context\":\"https:\/\/schema.org\",\"@graph\":[{\"@type\":\"WebPage\",\"@id\":\"https:\/\/intro.e-craft.com\/en\/a-craft\/\",\"url\":\"https:\/\/intro.e-craft.com\/en\/a-craft\/\",\"name\":\"Craft &#8211; Craft\",\"isPartOf\":{\"@id\":\"https:\/\/intro.e-craft.com\/#website\"},\"datePublished\":\"2020-02-11T22:20:29+00:00\",\"dateModified\":\"2022-12-12T22:38:49+00:00\",\"breadcrumb\":{\"@id\":\"https:\/\/intro.e-craft.com\/en\/a-craft\/#breadcrumb\"},\"inLanguage\":\"en-US\",\"potentialAction\":[{\"@type\":\"ReadAction\",\"target\":[\"https:\/\/intro.e-craft.com\/en\/a-craft\/\"]}]},{\"@type\":\"BreadcrumbList\",\"@id\":\"https:\/\/intro.e-craft.com\/en\/a-craft\/#breadcrumb\",\"itemListElement\":[{\"@type\":\"ListItem\",\"position\":1,\"name\":\"In\u00edcio\",\"item\":\"https:\/\/intro.e-craft.com\/en\/\"},{\"@type\":\"ListItem\",\"position\":2,\"name\":\"Craft\"}]},{\"@type\":\"WebSite\",\"@id\":\"https:\/\/intro.e-craft.com\/#website\",\"url\":\"https:\/\/intro.e-craft.com\/\",\"name\":\"Craft\",\"description\":\"Solu\u00e7\u00f5es em transporte internacional\",\"publisher\":{\"@id\":\"https:\/\/intro.e-craft.com\/#organization\"},\"potentialAction\":[{\"@type\":\"SearchAction\",\"target\":{\"@type\":\"EntryPoint\",\"urlTemplate\":\"https:\/\/intro.e-craft.com\/?s={search_term_string}\"},\"query-input\":{\"@type\":\"PropertyValueSpecification\",\"valueRequired\":true,\"valueName\":\"search_term_string\"}}],\"inLanguage\":\"en-US\"},{\"@type\":\"Organization\",\"@id\":\"https:\/\/intro.e-craft.com\/#organization\",\"name\":\"Craft\",\"url\":\"https:\/\/intro.e-craft.com\/\",\"logo\":{\"@type\":\"ImageObject\",\"inLanguage\":\"en-US\",\"@id\":\"https:\/\/intro.e-craft.com\/#\/schema\/logo\/image\/\",\"url\":\"https:\/\/intro.e-craft.com\/wp-content\/uploads\/2020\/06\/logo-craft.png\",\"contentUrl\":\"https:\/\/intro.e-craft.com\/wp-content\/uploads\/2020\/06\/logo-craft.png\",\"width\":800,\"height\":366,\"caption\":\"Craft\"},\"image\":{\"@id\":\"https:\/\/intro.e-craft.com\/#\/schema\/logo\/image\/\"},\"sameAs\":[\"https:\/\/www.facebook.com\/craft.ltda\/\",\"https:\/\/www.instagram.com\/craft.ltda\/\",\"https:\/\/www.linkedin.com\/company\/craft-multimodal-ltda\"]}]}<\/script>\n<!-- \/ Yoast SEO plugin. -->","yoast_head_json":{"title":"Craft &#8211; Craft","robots":{"index":"index","follow":"follow","max-snippet":"max-snippet:-1","max-image-preview":"max-image-preview:large","max-video-preview":"max-video-preview:-1"},"canonical":"https:\/\/intro.e-craft.com\/en\/a-craft\/","og_locale":"en_US","og_type":"article","og_title":"Craft &#8211; Craft","og_description":"Yesterday and today Founded on April 4, 1997 in S\u00e3o Paulo, in the first year Craft was already in three other cities in the country: Rio de Janeiro, Santos and Limeira. Expansion is part of our culture. Today we are present in twelve Brazilian locations: Campinas, Curitiba, Fortaleza, Itaja\u00ed, Paranagu\u00e1, Porto Alegre, Rio Grande, Vit\u00f3ria, [&hellip;]","og_url":"https:\/\/intro.e-craft.com\/en\/a-craft\/","og_site_name":"Craft","article_publisher":"https:\/\/www.facebook.com\/craft.ltda\/","article_modified_time":"2022-12-12T22:38:49+00:00","og_image":[{"width":1200,"height":630,"url":"https:\/\/intro.e-craft.com\/wp-content\/uploads\/2020\/06\/craft-og-image.jpg","type":"image\/jpeg"}],"twitter_card":"summary_large_image","twitter_misc":{"Est. reading time":"1 minute"},"schema":{"@context":"https:\/\/schema.org","@graph":[{"@type":"WebPage","@id":"https:\/\/intro.e-craft.com\/en\/a-craft\/","url":"https:\/\/intro.e-craft.com\/en\/a-craft\/","name":"Craft &#8211; Craft","isPartOf":{"@id":"https:\/\/intro.e-craft.com\/#website"},"datePublished":"2020-02-11T22:20:29+00:00","dateModified":"2022-12-12T22:38:49+00:00","breadcrumb":{"@id":"https:\/\/intro.e-craft.com\/en\/a-craft\/#breadcrumb"},"inLanguage":"en-US","potentialAction":[{"@type":"ReadAction","target":["https:\/\/intro.e-craft.com\/en\/a-craft\/"]}]},{"@type":"BreadcrumbList","@id":"https:\/\/intro.e-craft.com\/en\/a-craft\/#breadcrumb","itemListElement":[{"@type":"ListItem","position":1,"name":"In\u00edcio","item":"https:\/\/intro.e-craft.com\/en\/"},{"@type":"ListItem","position":2,"name":"Craft"}]},{"@type":"WebSite","@id":"https:\/\/intro.e-craft.com\/#website","url":"https:\/\/intro.e-craft.com\/","name":"Craft","description":"Solu\u00e7\u00f5es em transporte internacional","publisher":{"@id":"https:\/\/intro.e-craft.com\/#organization"},"potentialAction":[{"@type":"SearchAction","target":{"@type":"EntryPoint","urlTemplate":"https:\/\/intro.e-craft.com\/?s={search_term_string}"},"query-input":{"@type":"PropertyValueSpecification","valueRequired":true,"valueName":"search_term_string"}}],"inLanguage":"en-US"},{"@type":"Organization","@id":"https:\/\/intro.e-craft.com\/#organization","name":"Craft","url":"https:\/\/intro.e-craft.com\/","logo":{"@type":"ImageObject","inLanguage":"en-US","@id":"https:\/\/intro.e-craft.com\/#\/schema\/logo\/image\/","url":"https:\/\/intro.e-craft.com\/wp-content\/uploads\/2020\/06\/logo-craft.png","contentUrl":"https:\/\/intro.e-craft.com\/wp-content\/uploads\/2020\/06\/logo-craft.png","width":800,"height":366,"caption":"Craft"},"image":{"@id":"https:\/\/intro.e-craft.com\/#\/schema\/logo\/image\/"},"sameAs":["https:\/\/www.facebook.com\/craft.ltda\/","https:\/\/www.instagram.com\/craft.ltda\/","https:\/\/www.linkedin.com\/company\/craft-multimodal-ltda"]}]}},"_links":{"self":[{"href":"https:\/\/intro.e-craft.com\/en\/wp-json\/wp\/v2\/pages\/232","targetHints":{"allow":["GET"]}}],"collection":[{"href":"https:\/\/intro.e-craft.com\/en\/wp-json\/wp\/v2\/pages"}],"about":[{"href":"https:\/\/intro.e-craft.com\/en\/wp-json\/wp\/v2\/types\/page"}],"author":[{"embeddable":true,"href":"https:\/\/intro.e-craft.com\/en\/wp-json\/wp\/v2\/users\/1"}],"replies":[{"embeddable":true,"href":"https:\/\/intro.e-craft.com\/en\/wp-json\/wp\/v2\/comments?post=232"}],"version-history":[{"count":0,"href":"https:\/\/intro.e-craft.com\/en\/wp-json\/wp\/v2\/pages\/232\/revisions"}],"wp:attachment":[{"href":"https:\/\/intro.e-craft.com\/en\/wp-json\/wp\/v2\/media?parent=232"}],"curies":[{"name":"wp","href":"https:\/\/api.w.org\/{rel}","templated":true}]}}